{"id":7,"date":"2025-07-30T09:40:43","date_gmt":"2025-07-30T09:40:43","guid":{"rendered":"https:\/\/numabalance.com\/?page_id=7"},"modified":"2025-07-30T10:33:52","modified_gmt":"2025-07-30T10:33:52","slug":"elementor-7","status":"publish","type":"page","link":"https:\/\/numabalance.com\/","title":{"rendered":"Elementor #7"},"content":{"rendered":"\t\t<div data-elementor-type=\"wp-post\" data-elementor-id=\"7\" class=\"elementor elementor-7\" data-elementor-post-type=\"page\">\n\t\t\t\t<div class=\"elementor-element elementor-element-ac58c93 e-flex e-con-boxed e-con e-parent\" data-id=\"ac58c93\" data-element_type=\"container\" data-e-type=\"container\" data-settings=\"{&quot;background_background&quot;:&quot;classic&quot;}\">\n\t\t\t\t\t<div class=\"e-con-inner\">\n\t\t\t\t<div class=\"elementor-element elementor-element-4a713d0 elementor-widget elementor-widget-spacer\" data-id=\"4a713d0\" data-element_type=\"widget\" data-e-type=\"widget\" data-widget_type=\"spacer.default\">\n\t\t\t\t\t\t\t<div class=\"elementor-spacer\">\n\t\t\t<div class=\"elementor-spacer-inner\"><\/div>\n\t\t<\/div>\n\t\t\t\t\t\t<\/div>\n\t\t\t\t<div class=\"elementor-element elementor-element-655e8e1 elementor-widget elementor-widget-image\" data-id=\"655e8e1\" data-element_type=\"widget\" data-e-type=\"widget\" data-widget_type=\"image.default\">\n\t\t\t\t\t\t\t\t\t\t\t\t\t\t\t<img fetchpriority=\"high\" decoding=\"async\" width=\"800\" height=\"195\" src=\"https:\/\/numabalance.com\/wp-content\/uploads\/2025\/07\/logo-1-1024x249.png\" class=\"attachment-large size-large wp-image-12\" alt=\"\" srcset=\"https:\/\/numabalance.com\/wp-content\/uploads\/2025\/07\/logo-1-1024x249.png 1024w, https:\/\/numabalance.com\/wp-content\/uploads\/2025\/07\/logo-1-300x73.png 300w, https:\/\/numabalance.com\/wp-content\/uploads\/2025\/07\/logo-1-768x187.png 768w, https:\/\/numabalance.com\/wp-content\/uploads\/2025\/07\/logo-1-1536x374.png 1536w, https:\/\/numabalance.com\/wp-content\/uploads\/2025\/07\/logo-1-2048x498.png 2048w\" sizes=\"(max-width: 800px) 100vw, 800px\" \/>\t\t\t\t\t\t\t\t\t\t\t\t\t\t\t<\/div>\n\t\t\t\t<div class=\"elementor-element elementor-element-89bfe31 elementor-widget elementor-widget-heading\" data-id=\"89bfe31\" data-element_type=\"widget\" data-e-type=\"widget\" data-widget_type=\"heading.default\">\n\t\t\t\t\t<h2 class=\"elementor-heading-title elementor-size-default\">Tu equilibrio comienza<br> \ncon un vegetal.<\/h2>\t\t\t\t<\/div>\n\t\t\t\t<div class=\"elementor-element elementor-element-ca56fc5 elementor-widget elementor-widget-text-editor\" data-id=\"ca56fc5\" data-element_type=\"widget\" data-e-type=\"widget\" data-widget_type=\"text-editor.default\">\n\t\t\t\t\t\t\t\t\t<p>Descubr\u00ed cu\u00e1ntos vegetales com\u00e9s por semana y cu\u00e1les te faltan. <br \/>Numa te ayuda a llegar a 30, de forma simple, visual y consciente.<\/p>\t\t\t\t\t\t\t\t<\/div>\n\t\t<div class=\"elementor-element elementor-element-2f7343e e-grid e-con-full e-con e-child\" data-id=\"2f7343e\" data-element_type=\"container\" data-e-type=\"container\">\n\t\t\t\t<div class=\"elementor-element elementor-element-1970c9a elementor-align-right elementor-widget elementor-widget-button\" data-id=\"1970c9a\" data-element_type=\"widget\" data-e-type=\"widget\" data-widget_type=\"button.default\">\n\t\t\t\t\t\t\t\t\t\t<a class=\"elementor-button elementor-button-link elementor-size-sm\" href=\"#\">\n\t\t\t\t\t\t<span class=\"elementor-button-content-wrapper\">\n\t\t\t\t\t\t\t\t\t<span class=\"elementor-button-text\">Comienza hoy mismo<\/span>\n\t\t\t\t\t<\/span>\n\t\t\t\t\t<\/a>\n\t\t\t\t\t\t\t\t<\/div>\n\t\t\t\t<div class=\"elementor-element elementor-element-6aaca18 elementor-align-left elementor-widget elementor-widget-button\" data-id=\"6aaca18\" data-element_type=\"widget\" data-e-type=\"widget\" data-widget_type=\"button.default\">\n\t\t\t\t\t\t\t\t\t\t<a class=\"elementor-button elementor-button-link elementor-size-sm\" href=\"#\">\n\t\t\t\t\t\t<span class=\"elementor-button-content-wrapper\">\n\t\t\t\t\t\t\t\t\t<span class=\"elementor-button-text\">Descubre mas beneficios<\/span>\n\t\t\t\t\t<\/span>\n\t\t\t\t\t<\/a>\n\t\t\t\t\t\t\t\t<\/div>\n\t\t\t\t<\/div>\n\t\t\t\t<div class=\"elementor-element elementor-element-fac8b6e elementor-widget elementor-widget-text-editor\" data-id=\"fac8b6e\" data-element_type=\"widget\" data-e-type=\"widget\" data-widget_type=\"text-editor.default\">\n\t\t\t\t\t\t\t\t\t<p>Sac\u00e1 una foto de tu comida. Nosotros analizamos los ingredientes y te mostramos tu progreso vegetal.<\/p>\t\t\t\t\t\t\t\t<\/div>\n\t\t\t\t\t<\/div>\n\t\t\t\t<\/div>\n\t\t<div class=\"elementor-element elementor-element-02c3cfe e-flex e-con-boxed e-con e-parent\" data-id=\"02c3cfe\" data-element_type=\"container\" data-e-type=\"container\" data-settings=\"{&quot;background_background&quot;:&quot;classic&quot;}\">\n\t\t\t\t\t<div class=\"e-con-inner\">\n\t\t\t\t<div class=\"elementor-element elementor-element-42954f0 elementor-widget elementor-widget-image\" data-id=\"42954f0\" data-element_type=\"widget\" data-e-type=\"widget\" data-widget_type=\"image.default\">\n\t\t\t\t\t\t\t\t\t\t\t\t\t\t\t<img decoding=\"async\" width=\"768\" height=\"512\" src=\"https:\/\/numabalance.com\/wp-content\/uploads\/2025\/07\/imagen-numa-principal-768x512.png\" class=\"attachment-medium_large size-medium_large wp-image-24\" alt=\"\" srcset=\"https:\/\/numabalance.com\/wp-content\/uploads\/2025\/07\/imagen-numa-principal-768x512.png 768w, https:\/\/numabalance.com\/wp-content\/uploads\/2025\/07\/imagen-numa-principal-300x200.png 300w, https:\/\/numabalance.com\/wp-content\/uploads\/2025\/07\/imagen-numa-principal-1024x683.png 1024w, https:\/\/numabalance.com\/wp-content\/uploads\/2025\/07\/imagen-numa-principal-1536x1024.png 1536w, https:\/\/numabalance.com\/wp-content\/uploads\/2025\/07\/imagen-numa-principal-2048x1365.png 2048w\" sizes=\"(max-width: 768px) 100vw, 768px\" \/>\t\t\t\t\t\t\t\t\t\t\t\t\t\t\t<\/div>\n\t\t\t\t\t<\/div>\n\t\t\t\t<\/div>\n\t\t<div class=\"elementor-element elementor-element-4282741 e-flex e-con-boxed e-con e-parent\" data-id=\"4282741\" data-element_type=\"container\" data-e-type=\"container\" data-settings=\"{&quot;background_background&quot;:&quot;classic&quot;}\">\n\t\t\t\t\t<div class=\"e-con-inner\">\n\t\t\t\t<div class=\"elementor-element elementor-element-0640fd8 elementor-widget elementor-widget-image\" data-id=\"0640fd8\" data-element_type=\"widget\" data-e-type=\"widget\" data-widget_type=\"image.default\">\n\t\t\t\t\t\t\t\t\t\t\t\t\t\t\t<img decoding=\"async\" width=\"800\" height=\"53\" src=\"https:\/\/numabalance.com\/wp-content\/uploads\/2025\/07\/vectores-verduras-numabalance-1024x68.png\" class=\"attachment-large size-large wp-image-33\" alt=\"\" srcset=\"https:\/\/numabalance.com\/wp-content\/uploads\/2025\/07\/vectores-verduras-numabalance-1024x68.png 1024w, https:\/\/numabalance.com\/wp-content\/uploads\/2025\/07\/vectores-verduras-numabalance-300x20.png 300w, https:\/\/numabalance.com\/wp-content\/uploads\/2025\/07\/vectores-verduras-numabalance-768x51.png 768w, https:\/\/numabalance.com\/wp-content\/uploads\/2025\/07\/vectores-verduras-numabalance-1536x102.png 1536w, https:\/\/numabalance.com\/wp-content\/uploads\/2025\/07\/vectores-verduras-numabalance-2048x136.png 2048w\" sizes=\"(max-width: 800px) 100vw, 800px\" \/>\t\t\t\t\t\t\t\t\t\t\t\t\t\t\t<\/div>\n\t\t\t\t\t<\/div>\n\t\t\t\t<\/div>\n\t\t<div class=\"elementor-element elementor-element-2c85978 e-flex e-con-boxed e-con e-parent\" data-id=\"2c85978\" data-element_type=\"container\" data-e-type=\"container\" data-settings=\"{&quot;background_background&quot;:&quot;classic&quot;}\">\n\t\t\t\t\t<div class=\"e-con-inner\">\n\t\t<div class=\"elementor-element elementor-element-336e21c e-con-full animated-slow e-flex elementor-invisible e-con e-child\" data-id=\"336e21c\" data-element_type=\"container\" data-e-type=\"container\" data-settings=\"{&quot;animation&quot;:&quot;fadeInLeft&quot;}\">\n\t\t\t\t<div class=\"elementor-element elementor-element-02390ab elementor-widget elementor-widget-heading\" data-id=\"02390ab\" data-element_type=\"widget\" data-e-type=\"widget\" data-widget_type=\"heading.default\">\n\t\t\t\t\t<h2 class=\"elementor-heading-title elementor-size-default\">\u00bfQu\u00e9 es Numa?<\/h2>\t\t\t\t<\/div>\n\t\t\t\t<div class=\"elementor-element elementor-element-481c695 elementor-widget elementor-widget-text-editor\" data-id=\"481c695\" data-element_type=\"widget\" data-e-type=\"widget\" data-widget_type=\"text-editor.default\">\n\t\t\t\t\t\t\t\t\t<p>Numa es una app que transforma una foto de tu plato en datos reales sobre los vegetales que est\u00e1s consumiendo. Con cada comida que registr\u00e1s, te acerc\u00e1s al objetivo de 30 vegetales distintos por semana, recomendado por la ciencia para mejorar tu microbiota y tu bienestar integral.<\/p>\t\t\t\t\t\t\t\t<\/div>\n\t\t\t\t<div class=\"elementor-element elementor-element-7dda851 elementor-list-item-link-full_width elementor-widget elementor-widget-icon-list\" data-id=\"7dda851\" data-element_type=\"widget\" data-e-type=\"widget\" data-widget_type=\"icon-list.default\">\n\t\t\t\t\t\t\t<ul class=\"elementor-icon-list-items\">\n\t\t\t\t\t\t\t<li class=\"elementor-icon-list-item\">\n\t\t\t\t\t\t\t\t\t\t\t<span class=\"elementor-icon-list-icon\">\n\t\t\t\t\t\t\t<svg aria-hidden=\"true\" class=\"e-font-icon-svg e-fas-carrot\" viewBox=\"0 0 512 512\" xmlns=\"http:\/\/www.w3.org\/2000\/svg\"><path d=\"M298.2 156.6c-52.7-25.7-114.5-10.5-150.2 32.8l55.2 55.2c6.3 6.3 6.3 16.4 0 22.6-3.1 3.1-7.2 4.7-11.3 4.7s-8.2-1.6-11.3-4.7L130.4 217 2.3 479.7c-2.9 6-3.1 13.3 0 19.7 5.4 11.1 18.9 15.7 30 10.3l133.6-65.2-49.2-49.2c-6.3-6.2-6.3-16.4 0-22.6 6.3-6.2 16.4-6.2 22.6 0l57 57 102-49.8c24-11.7 44.5-31.3 57.1-57.1 30.1-61.7 4.5-136.1-57.2-166.2zm92.1-34.9C409.8 81 399.7 32.9 360 0c-50.3 41.7-52.5 107.5-7.9 151.9l8 8c44.4 44.6 110.3 42.4 151.9-7.9-32.9-39.7-81-49.8-121.7-30.3z\"><\/path><\/svg>\t\t\t\t\t\t<\/span>\n\t\t\t\t\t\t\t\t\t\t<span class=\"elementor-icon-list-text\">Saca una foto de tu plato<\/span>\n\t\t\t\t\t\t\t\t\t<\/li>\n\t\t\t\t\t\t\t\t<li class=\"elementor-icon-list-item\">\n\t\t\t\t\t\t\t\t\t\t\t<span class=\"elementor-icon-list-icon\">\n\t\t\t\t\t\t\t<svg aria-hidden=\"true\" class=\"e-font-icon-svg e-fas-carrot\" viewBox=\"0 0 512 512\" xmlns=\"http:\/\/www.w3.org\/2000\/svg\"><path d=\"M298.2 156.6c-52.7-25.7-114.5-10.5-150.2 32.8l55.2 55.2c6.3 6.3 6.3 16.4 0 22.6-3.1 3.1-7.2 4.7-11.3 4.7s-8.2-1.6-11.3-4.7L130.4 217 2.3 479.7c-2.9 6-3.1 13.3 0 19.7 5.4 11.1 18.9 15.7 30 10.3l133.6-65.2-49.2-49.2c-6.3-6.2-6.3-16.4 0-22.6 6.3-6.2 16.4-6.2 22.6 0l57 57 102-49.8c24-11.7 44.5-31.3 57.1-57.1 30.1-61.7 4.5-136.1-57.2-166.2zm92.1-34.9C409.8 81 399.7 32.9 360 0c-50.3 41.7-52.5 107.5-7.9 151.9l8 8c44.4 44.6 110.3 42.4 151.9-7.9-32.9-39.7-81-49.8-121.7-30.3z\"><\/path><\/svg>\t\t\t\t\t\t<\/span>\n\t\t\t\t\t\t\t\t\t\t<span class=\"elementor-icon-list-text\">Detectamos los vegetales autom\u00e1ticamente<\/span>\n\t\t\t\t\t\t\t\t\t<\/li>\n\t\t\t\t\t\t\t\t<li class=\"elementor-icon-list-item\">\n\t\t\t\t\t\t\t\t\t\t\t<span class=\"elementor-icon-list-icon\">\n\t\t\t\t\t\t\t<svg aria-hidden=\"true\" class=\"e-font-icon-svg e-fas-carrot\" viewBox=\"0 0 512 512\" xmlns=\"http:\/\/www.w3.org\/2000\/svg\"><path d=\"M298.2 156.6c-52.7-25.7-114.5-10.5-150.2 32.8l55.2 55.2c6.3 6.3 6.3 16.4 0 22.6-3.1 3.1-7.2 4.7-11.3 4.7s-8.2-1.6-11.3-4.7L130.4 217 2.3 479.7c-2.9 6-3.1 13.3 0 19.7 5.4 11.1 18.9 15.7 30 10.3l133.6-65.2-49.2-49.2c-6.3-6.2-6.3-16.4 0-22.6 6.3-6.2 16.4-6.2 22.6 0l57 57 102-49.8c24-11.7 44.5-31.3 57.1-57.1 30.1-61.7 4.5-136.1-57.2-166.2zm92.1-34.9C409.8 81 399.7 32.9 360 0c-50.3 41.7-52.5 107.5-7.9 151.9l8 8c44.4 44.6 110.3 42.4 151.9-7.9-32.9-39.7-81-49.8-121.7-30.3z\"><\/path><\/svg>\t\t\t\t\t\t<\/span>\n\t\t\t\t\t\t\t\t\t\t<span class=\"elementor-icon-list-text\">Te mostramos tu progreso semanalmente<\/span>\n\t\t\t\t\t\t\t\t\t<\/li>\n\t\t\t\t\t\t<\/ul>\n\t\t\t\t\t\t<\/div>\n\t\t\t\t<\/div>\n\t\t<div class=\"elementor-element elementor-element-0a5dc82 e-con-full e-flex e-con e-child\" data-id=\"0a5dc82\" data-element_type=\"container\" data-e-type=\"container\">\n\t\t\t\t<div class=\"elementor-element elementor-element-269b709 animated-slow elementor-invisible elementor-widget elementor-widget-image\" data-id=\"269b709\" data-element_type=\"widget\" data-e-type=\"widget\" data-settings=\"{&quot;_animation&quot;:&quot;fadeIn&quot;}\" data-widget_type=\"image.default\">\n\t\t\t\t\t\t\t\t\t\t\t\t\t\t\t<img loading=\"lazy\" decoding=\"async\" width=\"800\" height=\"742\" src=\"https:\/\/numabalance.com\/wp-content\/uploads\/2025\/07\/imagen-plato-comida-numabalance-1024x950.png\" class=\"attachment-large size-large wp-image-38\" alt=\"\" srcset=\"https:\/\/numabalance.com\/wp-content\/uploads\/2025\/07\/imagen-plato-comida-numabalance-1024x950.png 1024w, https:\/\/numabalance.com\/wp-content\/uploads\/2025\/07\/imagen-plato-comida-numabalance-300x278.png 300w, https:\/\/numabalance.com\/wp-content\/uploads\/2025\/07\/imagen-plato-comida-numabalance-768x712.png 768w, https:\/\/numabalance.com\/wp-content\/uploads\/2025\/07\/imagen-plato-comida-numabalance.png 1380w\" sizes=\"(max-width: 800px) 100vw, 800px\" \/>\t\t\t\t\t\t\t\t\t\t\t\t\t\t\t<\/div>\n\t\t\t\t<\/div>\n\t\t\t\t\t<\/div>\n\t\t\t\t<\/div>\n\t\t<div class=\"elementor-element elementor-element-ef9fe33 e-flex e-con-boxed e-con e-parent\" data-id=\"ef9fe33\" data-element_type=\"container\" data-e-type=\"container\" data-settings=\"{&quot;background_background&quot;:&quot;classic&quot;}\">\n\t\t\t\t\t<div class=\"e-con-inner\">\n\t\t\t\t<div class=\"elementor-element elementor-element-d001f90 elementor-headline--style-highlight elementor-widget elementor-widget-animated-headline\" data-id=\"d001f90\" data-element_type=\"widget\" data-e-type=\"widget\" data-settings=\"{&quot;marker&quot;:&quot;x&quot;,&quot;highlighted_text&quot;:&quot;Dieta&quot;,&quot;headline_style&quot;:&quot;highlight&quot;,&quot;loop&quot;:&quot;yes&quot;,&quot;highlight_animation_duration&quot;:1200,&quot;highlight_iteration_delay&quot;:8000}\" data-widget_type=\"animated-headline.default\">\n\t\t\t\t\t\t\t<h3 class=\"elementor-headline\">\n\t\t\t\t\t<span class=\"elementor-headline-plain-text elementor-headline-text-wrapper\">No es una <\/span>\n\t\t\t\t<span class=\"elementor-headline-dynamic-wrapper elementor-headline-text-wrapper\">\n\t\t\t\t\t<span class=\"elementor-headline-dynamic-text elementor-headline-text-active\">Dieta<\/span>\n\t\t\t\t<\/span>\n\t\t\t\t\t<span class=\"elementor-headline-plain-text elementor-headline-text-wrapper\">, no es un conteo de calor\u00edas.  Es una forma nueva de entender lo que com\u00e9s.<\/span>\n\t\t\t\t\t<\/h3>\n\t\t\t\t\t\t<\/div>\n\t\t\t\t\t<\/div>\n\t\t\t\t<\/div>\n\t\t<div class=\"elementor-element elementor-element-e67d6de e-flex e-con-boxed e-con e-parent\" data-id=\"e67d6de\" data-element_type=\"container\" data-e-type=\"container\">\n\t\t\t\t\t<div class=\"e-con-inner\">\n\t\t<div class=\"elementor-element elementor-element-c1dd9fe e-con-full e-flex elementor-invisible e-con e-child\" data-id=\"c1dd9fe\" data-element_type=\"container\" data-e-type=\"container\" data-settings=\"{&quot;animation&quot;:&quot;fadeInLeft&quot;}\">\n\t\t\t\t<div class=\"elementor-element elementor-element-6fda5f2 elementor-widget elementor-widget-heading\" data-id=\"6fda5f2\" data-element_type=\"widget\" data-e-type=\"widget\" data-widget_type=\"heading.default\">\n\t\t\t\t\t<h2 class=\"elementor-heading-title elementor-size-default\">Comer m\u00e1s vegetales transforma tu cuerpo, \ntu mente y el planeta.<\/h2>\t\t\t\t<\/div>\n\t\t\t\t<div class=\"elementor-element elementor-element-2d8fbe7 elementor-widget elementor-widget-text-editor\" data-id=\"2d8fbe7\" data-element_type=\"widget\" data-e-type=\"widget\" data-widget_type=\"text-editor.default\">\n\t\t\t\t\t\t\t\t\t<p>Estudios recientes muestran que consumir 30 tipos diferentes de vegetales por semana mejora tu microbiota intestinal, fortalece tu sistema inmune, regula tu estado de \u00e1nimo y reduce el riesgo de enfermedades cr\u00f3nicas.Con Numa, hac\u00e9s visible lo invisible: tu alimentaci\u00f3n vegetal.<\/p>\t\t\t\t\t\t\t\t<\/div>\n\t\t\t\t<div class=\"elementor-element elementor-element-697cfb9 elementor-widget elementor-widget-progress\" data-id=\"697cfb9\" data-element_type=\"widget\" data-e-type=\"widget\" data-widget_type=\"progress.default\">\n\t\t\t\t\t\t\t\t<span class=\"elementor-title\" id=\"elementor-progress-bar-697cfb9\">\n\t\t\t\t+100 billones de  bacterias buenas viven en tu intestino\t\t\t<\/span>\n\t\t\n\t\t<div aria-labelledby=\"elementor-progress-bar-697cfb9\" class=\"elementor-progress-wrapper\" role=\"progressbar\" aria-valuemin=\"0\" aria-valuemax=\"100\" aria-valuenow=\"100\" aria-valuetext=\"100% (Bacterias)\">\n\t\t\t<div class=\"elementor-progress-bar\" data-max=\"100\">\n\t\t\t\t<span class=\"elementor-progress-text\">Bacterias<\/span>\n\t\t\t\t\t\t\t\t\t<span class=\"elementor-progress-percentage\">100%<\/span>\n\t\t\t\t\t\t\t<\/div>\n\t\t<\/div>\n\t\t\t\t\t\t<\/div>\n\t\t\t\t<\/div>\n\t\t<div class=\"elementor-element elementor-element-3876943 e-con-full e-flex e-con e-child\" data-id=\"3876943\" data-element_type=\"container\" data-e-type=\"container\" data-settings=\"{&quot;background_background&quot;:&quot;classic&quot;}\">\n\t\t\t\t<div class=\"elementor-element elementor-element-ce75650 elementor-widget elementor-widget-heading\" data-id=\"ce75650\" data-element_type=\"widget\" data-e-type=\"widget\" data-widget_type=\"heading.default\">\n\t\t\t\t\t<h2 class=\"elementor-heading-title elementor-size-default\">30<\/h2>\t\t\t\t<\/div>\n\t\t\t\t<div class=\"elementor-element elementor-element-d0fbfcb elementor-widget elementor-widget-heading\" data-id=\"d0fbfcb\" data-element_type=\"widget\" data-e-type=\"widget\" data-widget_type=\"heading.default\">\n\t\t\t\t\t<h2 class=\"elementor-heading-title elementor-size-default\">EL NUMERO MAGICO<\/h2>\t\t\t\t<\/div>\n\t\t\t\t<\/div>\n\t\t\t\t\t<\/div>\n\t\t\t\t<\/div>\n\t\t\t\t<\/div>\n\t\t","protected":false},"excerpt":{"rendered":"<p>Tu equilibrio comienza con un vegetal. Descubr\u00ed cu\u00e1ntos vegetales com\u00e9s por semana y cu\u00e1les te faltan. Numa te ayuda a llegar a 30, de forma simple, visual y consciente. Comienza hoy mismo Descubre mas beneficios Sac\u00e1 una foto de tu comida. Nosotros analizamos los ingredientes y te mostramos tu progreso vegetal. \u00bfQu\u00e9 es Numa? Numa [&hellip;]<\/p>\n","protected":false},"author":1,"featured_media":0,"parent":0,"menu_order":0,"comment_status":"closed","ping_status":"closed","template":"elementor_canvas","meta":{"footnotes":""},"class_list":["post-7","page","type-page","status-publish","hentry"],"_links":{"self":[{"href":"https:\/\/numabalance.com\/index.php?rest_route=\/wp\/v2\/pages\/7","targetHints":{"allow":["GET"]}}],"collection":[{"href":"https:\/\/numabalance.com\/index.php?rest_route=\/wp\/v2\/pages"}],"about":[{"href":"https:\/\/numabalance.com\/index.php?rest_route=\/wp\/v2\/types\/page"}],"author":[{"embeddable":true,"href":"https:\/\/numabalance.com\/index.php?rest_route=\/wp\/v2\/users\/1"}],"replies":[{"embeddable":true,"href":"https:\/\/numabalance.com\/index.php?rest_route=%2Fwp%2Fv2%2Fcomments&post=7"}],"version-history":[{"count":44,"href":"https:\/\/numabalance.com\/index.php?rest_route=\/wp\/v2\/pages\/7\/revisions"}],"predecessor-version":[{"id":70,"href":"https:\/\/numabalance.com\/index.php?rest_route=\/wp\/v2\/pages\/7\/revisions\/70"}],"wp:attachment":[{"href":"https:\/\/numabalance.com\/index.php?rest_route=%2Fwp%2Fv2%2Fmedia&parent=7"}],"curies":[{"name":"wp","href":"https:\/\/api.w.org\/{rel}","templated":true}]}}